{"id":317,"date":"2014-02-27T14:37:01","date_gmt":"2014-02-27T12:37:01","guid":{"rendered":"http:\/\/www.temrinler.com\/?page_id=317"},"modified":"2022-10-04T14:56:39","modified_gmt":"2022-10-04T11:56:39","slug":"ekaa-i-donem-temrinleri","status":"publish","type":"page","link":"https:\/\/www.temrinler.com\/?page_id=317","title":{"rendered":"I. D\u00f6nem Temrinleri"},"content":{"rendered":"<p><span style=\"color: #555555;\"><ul>\r\n<li><a href=\"https:\/\/www.temrinler.com\/?p=20\" title=\"TR\u0130ST\u00d6R\u00dcN DC GER\u0130L\u0130MDE R D\u0130RENC\u0130 \u00dcZER\u0130NDEN TET\u0130KLENMES\u0130\">TR\u0130ST\u00d6R\u00dcN DC GER\u0130L\u0130MDE R D\u0130RENC\u0130 \u00dcZER\u0130NDEN TET\u0130KLENMES\u0130<\/a><\/li>\r\n<li><a href=\"https:\/\/www.temrinler.com\/?p=26\" title=\"DC GER\u0130L\u0130MDE \u00c7ALI\u015eAN TR\u0130ST\u00d6R\u00dc SER\u0130 &#8211; PARALEL ANAHTARLA DURDURMA\">DC GER\u0130L\u0130MDE \u00c7ALI\u015eAN TR\u0130ST\u00d6R\u00dc SER\u0130 &#8211; PARALEL ANAHTARLA DURDURMA<\/a><\/li>\r\n<li><a href=\"https:\/\/www.temrinler.com\/?p=33\" title=\"DC GER\u0130L\u0130MDE \u00c7ALI\u015eAN TR\u0130ST\u00d6R\u00dc KAPAS\u0130T\u0130F ANAHTARLA DURDURMA\">DC GER\u0130L\u0130MDE \u00c7ALI\u015eAN TR\u0130ST\u00d6R\u00dc KAPAS\u0130T\u0130F ANAHTARLA DURDURMA<\/a><\/li>\r\n<li><a href=\"https:\/\/www.temrinler.com\/?p=47\" title=\"AC GER\u0130L\u0130MDE TR\u0130ST\u00d6R\u00dcN D\u0130REN\u00c7 VE KONDANSAT\u00d6R \u0130LE TET\u0130KLENMES\u0130\">AC GER\u0130L\u0130MDE TR\u0130ST\u00d6R\u00dcN D\u0130REN\u00c7 VE KONDANSAT\u00d6R \u0130LE TET\u0130KLENMES\u0130<\/a><\/li>\r\n<li><a href=\"https:\/\/www.temrinler.com\/?p=55\" title=\"TR\u0130YAK \u0130LE LAMBA KARARTMA DEVRES\u0130\">TR\u0130YAK \u0130LE LAMBA KARARTMA DEVRES\u0130<\/a><\/li>\r\n<li><a href=\"https:\/\/www.temrinler.com\/?p=221\" title=\"I\u015eIK (LDR) KONTROLL\u00dc D\u0130MMER DEVRES\u0130\">I\u015eIK (LDR) KONTROLL\u00dc D\u0130MMER DEVRES\u0130<\/a><\/li>\r\n<li><a href=\"https:\/\/www.temrinler.com\/?p=224\" title=\"ISI ALARM DEVRES\u0130 (SICAKTA \u00c7ALI\u015eAN DEVRE)\">ISI ALARM DEVRES\u0130 (SICAKTA \u00c7ALI\u015eAN DEVRE)<\/a><\/li>\r\n<li><a href=\"https:\/\/www.temrinler.com\/?p=1077\" title=\"TR\u0130YAK \u0130LE \u0130K\u0130 AYRI LAMBALI KARARTMA DEVRES\u0130\">TR\u0130YAK \u0130LE \u0130K\u0130 AYRI LAMBALI KARARTMA DEVRES\u0130<\/a><\/li>\r\n<li><a href=\"https:\/\/www.temrinler.com\/?p=1600\" title=\"ISI SENS\u00d6R ve TRANSD\u00dcSERLER\u0130N SA\u011eLAMLIK KONTROL\u00dc\">ISI SENS\u00d6R ve TRANSD\u00dcSERLER\u0130N SA\u011eLAMLIK KONTROL\u00dc<\/a><\/li>\r\n<li><a href=\"https:\/\/www.temrinler.com\/?p=1636\" title=\"I\u015eIK ALARM DEVRES\u0130 (KARANLIKTA \u00c7ALI\u015eAN)\">I\u015eIK ALARM DEVRES\u0130 (KARANLIKTA \u00c7ALI\u015eAN)<\/a><\/li>\r\n<li><a href=\"https:\/\/www.temrinler.com\/?p=1645\" title=\"Piezo sens\u00f6r &#8211; Bas\u0131n\u00e7la elektrik \u00fcretilmesi\">Piezo sens\u00f6r &#8211; Bas\u0131n\u00e7la elektrik \u00fcretilmesi<\/a><\/li>\r\n<li><a href=\"https:\/\/www.temrinler.com\/?p=1657\" title=\"su seviye alarm\u0131\">su seviye alarm\u0131<\/a><\/li>\r\n<li><a href=\"https:\/\/www.temrinler.com\/?p=1687\" title=\"IR al\u0131c\u0131 verici\">IR al\u0131c\u0131 verici<\/a><\/li>\r\n<li><a href=\"https:\/\/www.temrinler.com\/?p=2877\" title=\"Cep telefonu ile motor kontrol\">Cep telefonu ile motor kontrol<\/a><\/li>\r\n<\/ul><\/span><\/p>\n","protected":false},"excerpt":{"rendered":"","protected":false},"author":1,"featured_media":0,"parent":0,"menu_order":0,"comment_status":"open","ping_status":"closed","template":"","meta":{"footnotes":""},"_links":{"self":[{"href":"https:\/\/www.temrinler.com\/index.php?rest_route=\/wp\/v2\/pages\/317"}],"collection":[{"href":"https:\/\/www.temrinler.com\/index.php?rest_route=\/wp\/v2\/pages"}],"about":[{"href":"https:\/\/www.temrinler.com\/index.php?rest_route=\/wp\/v2\/types\/page"}],"author":[{"embeddable":true,"href":"https:\/\/www.temrinler.com\/index.php?rest_route=\/wp\/v2\/users\/1"}],"replies":[{"embeddable":true,"href":"https:\/\/www.temrinler.com\/index.php?rest_route=%2Fwp%2Fv2%2Fcomments&post=317"}],"version-history":[{"count":0,"href":"https:\/\/www.temrinler.com\/index.php?rest_route=\/wp\/v2\/pages\/317\/revisions"}],"wp:attachment":[{"href":"https:\/\/www.temrinler.com\/index.php?rest_route=%2Fwp%2Fv2%2Fmedia&parent=317"}],"curies":[{"name":"wp","href":"https:\/\/api.w.org\/{rel}","templated":true}]}}